{"id":290,"date":"2017-03-17T15:19:25","date_gmt":"2017-03-17T15:19:25","guid":{"rendered":"https:\/\/www.firenzeforesteria.it\/location-and-contacts\/"},"modified":"2018-02-19T11:50:54","modified_gmt":"2018-02-19T11:50:54","slug":"preiswerter-urlaub-zentrum-florenz","status":"publish","type":"page","link":"https:\/\/www.firenzeforesteria.it\/de\/preiswerter-urlaub-zentrum-florenz\/","title":{"rendered":"Lage und Kontakte"},"content":{"rendered":"","protected":false},"excerpt":{"rendered":"","protected":false},"author":1,"featured_media":0,"parent":0,"menu_order":0,"comment_status":"closed","ping_status":"closed","template":"templates\/contacts.php","meta":{"footnotes":""},"class_list":["post-290","page","type-page","status-publish","hentry"],"yoast_head":"<!-- This site is optimized with the Yoast SEO plugin v26.8 - https:\/\/yoast.com\/product\/yoast-seo-wordpress\/ -->\n<title>Florenz preiswert | Waldenser G\u00e4stehaus Florenz<\/title>\n<meta name=\"description\" content=\"Das Waldenser G\u00e4stehaus ist eine behagliche und preisg\u00fcnstige Unterkunft im Zentrum von Florenz, ganz nah beim Palazzo Pitti und den wichtigsten Sehensw\u00fcrdigkeiten.\" \/>\n<meta name=\"robots\" content=\"index, follow, max-snippet:-1, max-image-preview:large, max-video-preview:-1\" \/>\n<link rel=\"canonical\" href=\"https:\/\/www.firenzeforesteria.it\/de\/preiswerter-urlaub-zentrum-florenz\/\" \/>\n<meta property=\"og:locale\" content=\"de_DE\" \/>\n<meta property=\"og:type\" content=\"article\" \/>\n<meta property=\"og:title\" content=\"Florenz preiswert | Waldenser G\u00e4stehaus Florenz\" \/>\n<meta property=\"og:description\" content=\"Das Waldenser G\u00e4stehaus ist eine behagliche und preisg\u00fcnstige Unterkunft im Zentrum von Florenz, ganz nah beim Palazzo Pitti und den wichtigsten Sehensw\u00fcrdigkeiten.\" \/>\n<meta property=\"og:url\" content=\"https:\/\/www.firenzeforesteria.it\/de\/preiswerter-urlaub-zentrum-florenz\/\" \/>\n<meta property=\"og:site_name\" content=\"Foresteria Valdese di Firenze\" \/>\n<meta property=\"article:modified_time\" content=\"2018-02-19T11:50:54+00:00\" \/>\n<meta name=\"twitter:card\" content=\"summary_large_image\" \/>\n<script type=\"application\/ld+json\" class=\"yoast-schema-graph\">{\"@context\":\"https:\/\/schema.org\",\"@graph\":[{\"@type\":\"WebPage\",\"@id\":\"https:\/\/www.firenzeforesteria.it\/de\/preiswerter-urlaub-zentrum-florenz\/\",\"url\":\"https:\/\/www.firenzeforesteria.it\/de\/preiswerter-urlaub-zentrum-florenz\/\",\"name\":\"Florenz preiswert | Waldenser G\u00e4stehaus Florenz\",\"isPartOf\":{\"@id\":\"https:\/\/www.firenzeforesteria.it\/it\/#website\"},\"datePublished\":\"2017-03-17T15:19:25+00:00\",\"dateModified\":\"2018-02-19T11:50:54+00:00\",\"description\":\"Das Waldenser G\u00e4stehaus ist eine behagliche und preisg\u00fcnstige Unterkunft im Zentrum von Florenz, ganz nah beim Palazzo Pitti und den wichtigsten Sehensw\u00fcrdigkeiten.\",\"breadcrumb\":{\"@id\":\"https:\/\/www.firenzeforesteria.it\/de\/preiswerter-urlaub-zentrum-florenz\/#breadcrumb\"},\"inLanguage\":\"de\",\"potentialAction\":[{\"@type\":\"ReadAction\",\"target\":[\"https:\/\/www.firenzeforesteria.it\/de\/preiswerter-urlaub-zentrum-florenz\/\"]}]},{\"@type\":\"BreadcrumbList\",\"@id\":\"https:\/\/www.firenzeforesteria.it\/de\/preiswerter-urlaub-zentrum-florenz\/#breadcrumb\",\"itemListElement\":[{\"@type\":\"ListItem\",\"position\":1,\"name\":\"Home\",\"item\":\"https:\/\/www.firenzeforesteria.it\/de\/\"},{\"@type\":\"ListItem\",\"position\":2,\"name\":\"Lage und Kontakte\"}]},{\"@type\":\"WebSite\",\"@id\":\"https:\/\/www.firenzeforesteria.it\/it\/#website\",\"url\":\"https:\/\/www.firenzeforesteria.it\/it\/\",\"name\":\"Foresteria Valdese di Firenze\",\"description\":\"Casa vacanze a Firenze vicino a Ponte Vecchio\",\"potentialAction\":[{\"@type\":\"SearchAction\",\"target\":{\"@type\":\"EntryPoint\",\"urlTemplate\":\"https:\/\/www.firenzeforesteria.it\/it\/?s={search_term_string}\"},\"query-input\":{\"@type\":\"PropertyValueSpecification\",\"valueRequired\":true,\"valueName\":\"search_term_string\"}}],\"inLanguage\":\"de\"}]}<\/script>\n<!-- \/ Yoast SEO plugin. -->","yoast_head_json":{"title":"Florenz preiswert | Waldenser G\u00e4stehaus Florenz","description":"Das Waldenser G\u00e4stehaus ist eine behagliche und preisg\u00fcnstige Unterkunft im Zentrum von Florenz, ganz nah beim Palazzo Pitti und den wichtigsten Sehensw\u00fcrdigkeiten.","robots":{"index":"index","follow":"follow","max-snippet":"max-snippet:-1","max-image-preview":"max-image-preview:large","max-video-preview":"max-video-preview:-1"},"canonical":"https:\/\/www.firenzeforesteria.it\/de\/preiswerter-urlaub-zentrum-florenz\/","og_locale":"de_DE","og_type":"article","og_title":"Florenz preiswert | Waldenser G\u00e4stehaus Florenz","og_description":"Das Waldenser G\u00e4stehaus ist eine behagliche und preisg\u00fcnstige Unterkunft im Zentrum von Florenz, ganz nah beim Palazzo Pitti und den wichtigsten Sehensw\u00fcrdigkeiten.","og_url":"https:\/\/www.firenzeforesteria.it\/de\/preiswerter-urlaub-zentrum-florenz\/","og_site_name":"Foresteria Valdese di Firenze","article_modified_time":"2018-02-19T11:50:54+00:00","twitter_card":"summary_large_image","schema":{"@context":"https:\/\/schema.org","@graph":[{"@type":"WebPage","@id":"https:\/\/www.firenzeforesteria.it\/de\/preiswerter-urlaub-zentrum-florenz\/","url":"https:\/\/www.firenzeforesteria.it\/de\/preiswerter-urlaub-zentrum-florenz\/","name":"Florenz preiswert | Waldenser G\u00e4stehaus Florenz","isPartOf":{"@id":"https:\/\/www.firenzeforesteria.it\/it\/#website"},"datePublished":"2017-03-17T15:19:25+00:00","dateModified":"2018-02-19T11:50:54+00:00","description":"Das Waldenser G\u00e4stehaus ist eine behagliche und preisg\u00fcnstige Unterkunft im Zentrum von Florenz, ganz nah beim Palazzo Pitti und den wichtigsten Sehensw\u00fcrdigkeiten.","breadcrumb":{"@id":"https:\/\/www.firenzeforesteria.it\/de\/preiswerter-urlaub-zentrum-florenz\/#breadcrumb"},"inLanguage":"de","potentialAction":[{"@type":"ReadAction","target":["https:\/\/www.firenzeforesteria.it\/de\/preiswerter-urlaub-zentrum-florenz\/"]}]},{"@type":"BreadcrumbList","@id":"https:\/\/www.firenzeforesteria.it\/de\/preiswerter-urlaub-zentrum-florenz\/#breadcrumb","itemListElement":[{"@type":"ListItem","position":1,"name":"Home","item":"https:\/\/www.firenzeforesteria.it\/de\/"},{"@type":"ListItem","position":2,"name":"Lage und Kontakte"}]},{"@type":"WebSite","@id":"https:\/\/www.firenzeforesteria.it\/it\/#website","url":"https:\/\/www.firenzeforesteria.it\/it\/","name":"Foresteria Valdese di Firenze","description":"Casa vacanze a Firenze vicino a Ponte Vecchio","potentialAction":[{"@type":"SearchAction","target":{"@type":"EntryPoint","urlTemplate":"https:\/\/www.firenzeforesteria.it\/it\/?s={search_term_string}"},"query-input":{"@type":"PropertyValueSpecification","valueRequired":true,"valueName":"search_term_string"}}],"inLanguage":"de"}]}},"_links":{"self":[{"href":"https:\/\/www.firenzeforesteria.it\/de\/wp-json\/wp\/v2\/pages\/290","targetHints":{"allow":["GET"]}}],"collection":[{"href":"https:\/\/www.firenzeforesteria.it\/de\/wp-json\/wp\/v2\/pages"}],"about":[{"href":"https:\/\/www.firenzeforesteria.it\/de\/wp-json\/wp\/v2\/types\/page"}],"author":[{"embeddable":true,"href":"https:\/\/www.firenzeforesteria.it\/de\/wp-json\/wp\/v2\/users\/1"}],"replies":[{"embeddable":true,"href":"https:\/\/www.firenzeforesteria.it\/de\/wp-json\/wp\/v2\/comments?post=290"}],"version-history":[{"count":8,"href":"https:\/\/www.firenzeforesteria.it\/de\/wp-json\/wp\/v2\/pages\/290\/revisions"}],"predecessor-version":[{"id":984,"href":"https:\/\/www.firenzeforesteria.it\/de\/wp-json\/wp\/v2\/pages\/290\/revisions\/984"}],"wp:attachment":[{"href":"https:\/\/www.firenzeforesteria.it\/de\/wp-json\/wp\/v2\/media?parent=290"}],"curies":[{"name":"wp","href":"https:\/\/api.w.org\/{rel}","templated":true}]}}